{"id":14,"date":"2022-07-27T23:51:18","date_gmt":"2022-07-27T23:51:18","guid":{"rendered":"https:\/\/solarskyenergy.com\/?page_id=14"},"modified":"2025-01-21T19:09:14","modified_gmt":"2025-01-21T19:09:14","slug":"blog","status":"publish","type":"page","link":"https:\/\/solarskyenergy.com\/en\/blog\/","title":{"rendered":"BLOG"},"content":{"rendered":"<div data-elementor-type=\"wp-page\" data-elementor-id=\"14\" class=\"elementor elementor-14\" data-elementor-post-type=\"page\">\n\t\t\t\t\t\t<section class=\"elementor-section elementor-top-section elementor-element elementor-element-ee80e7f elementor-section-boxed elementor-section-height-default elementor-section-height-default\" data-id=\"ee80e7f\" data-element_type=\"section\" data-e-type=\"section\">\n\t\t\t\t\t\t<div class=\"elementor-container elementor-column-gap-default\">\n\t\t\t\t\t<div class=\"elementor-column elementor-col-100 elementor-top-column elementor-element elementor-element-c51732d\" data-id=\"c51732d\" data-element_type=\"column\" data-e-type=\"column\">\n\t\t\t<div class=\"elementor-widget-wrap\">\n\t\t\t\t\t\t\t<\/div>\n\t\t<\/div>\n\t\t\t\t\t<\/div>\n\t\t<\/section>\n\t\t\t\t<section class=\"elementor-section elementor-top-section elementor-element elementor-element-f5f7229 elementor-section-boxed elementor-section-height-default elementor-section-height-default\" data-id=\"f5f7229\" data-element_type=\"section\" data-e-type=\"section\">\n\t\t\t\t\t\t<div class=\"elementor-container elementor-column-gap-default\">\n\t\t\t\t\t<div class=\"elementor-column elementor-col-100 elementor-top-column elementor-element elementor-element-5d8fdc2\" data-id=\"5d8fdc2\" data-element_type=\"column\" data-e-type=\"column\">\n\t\t\t<div class=\"elementor-widget-wrap elementor-element-populated\">\n\t\t\t\t\t\t<div class=\"elementor-element elementor-element-3198f1c elementor-widget elementor-widget-heading\" data-id=\"3198f1c\" data-element_type=\"widget\" data-e-type=\"widget\" data-widget_type=\"heading.default\">\n\t\t\t\t\t<h2 class=\"elementor-heading-title elementor-size-default\">Solar 101<\/h2>\t\t\t\t<\/div>\n\t\t\t\t<div class=\"elementor-element elementor-element-0527a3f elementor-widget__width-initial elementor-widget elementor-widget-text-editor\" data-id=\"0527a3f\" data-element_type=\"widget\" data-e-type=\"widget\" data-widget_type=\"text-editor.default\">\n\t\t\t\t\t\t\t\t\t<p class=\"p3\"><b>Understanding Solar Energy for Your Home<\/b><b><\/b><\/p><p class=\"p4\"><b>1. How Does Solar Energy Work?<\/b><b><\/b><\/p><p class=\"p4\">Solar panels convert sunlight into electricity through the photovoltaic effect. This process generates direct current (DC), which is then transformed into alternating current (AC) by an inverter to power your home.<\/p><p class=\"p5\">\u2022Key Components: Solar panels, inverter, mounting system and optional battery.<\/p><p class=\"p4\"><b>2. Types of Solar Systems<\/b><b><\/b><\/p><p class=\"p5\">\u2022Grid-Tied: Connects to the local electrical system, allowing energy sharing and net balancing credits.<\/p><p class=\"p5\">\u2022Off-Grid: Works independently with batteries to store energy.<\/p><p class=\"p5\">\u2022Hybrid: Combines grid connection and battery storage, offering greater flexibility.<\/p><p class=\"p4\"><b>3. Choosing the Right Investor<\/b><b><\/b><\/p><p class=\"p5\">\u2022String Inverters: Economical, ideal for unshaded roofs.<\/p><p class=\"p5\">\u2022Microinverters: Each panel operates independently, excellent for shaded roofs.<\/p><p class=\"p5\">\u2022Optimized Inverters: Combine the best of both worlds, shade resistance with lower cost.<\/p><p class=\"p4\"><b>4. Are Batteries Necessary?<\/b><b><\/b><\/p><p class=\"p5\">\u2022Grid-connected systems generally do not require batteries, as excess power is returned to the grid.<\/p><p class=\"p5\">\u2022Batteries are recommended for off-grid systems or as backup during power outages.<\/p>\t\t\t\t\t\t\t\t<\/div>\n\t\t\t\t\t<\/div>\n\t\t<\/div>\n\t\t\t\t\t<\/div>\n\t\t<\/section>\n\t\t\t\t<section class=\"elementor-section elementor-top-section elementor-element elementor-element-544bc64 elementor-section-boxed elementor-section-height-default elementor-section-height-default\" data-id=\"544bc64\" data-element_type=\"section\" data-e-type=\"section\">\n\t\t\t\t\t\t<div class=\"elementor-container elementor-column-gap-default\">\n\t\t\t\t\t<div class=\"elementor-column elementor-col-100 elementor-top-column elementor-element elementor-element-dd138d2\" data-id=\"dd138d2\" data-element_type=\"column\" data-e-type=\"column\">\n\t\t\t<div class=\"elementor-widget-wrap elementor-element-populated\">\n\t\t\t\t\t\t<div class=\"elementor-element elementor-element-b45ad14 elementor-widget__width-initial elementor-widget elementor-widget-video\" data-id=\"b45ad14\" data-element_type=\"widget\" data-e-type=\"widget\" data-settings=\"{&quot;youtube_url&quot;:&quot;https:\\\/\\\/youtu.be\\\/DIkCQ1NU1E0?si=VTrE_iQkiiUa4OhK&quot;,&quot;video_type&quot;:&quot;youtube&quot;,&quot;controls&quot;:&quot;yes&quot;}\" data-widget_type=\"video.default\">\n\t\t\t\t\t\t\t<div class=\"elementor-wrapper elementor-open-inline\">\n\t\t\t<div class=\"elementor-video\"><\/div>\t\t<\/div>\n\t\t\t\t\t\t<\/div>\n\t\t\t\t\t<\/div>\n\t\t<\/div>\n\t\t\t\t\t<\/div>\n\t\t<\/section>\n\t\t\t\t<section class=\"elementor-section elementor-top-section elementor-element elementor-element-6e9a449 elementor-section-boxed elementor-section-height-default elementor-section-height-default\" data-id=\"6e9a449\" data-element_type=\"section\" data-e-type=\"section\">\n\t\t\t\t\t\t<div class=\"elementor-container elementor-column-gap-default\">\n\t\t\t\t\t<div class=\"elementor-column elementor-col-100 elementor-top-column elementor-element elementor-element-10ff9f7\" data-id=\"10ff9f7\" data-element_type=\"column\" data-e-type=\"column\">\n\t\t\t<div class=\"elementor-widget-wrap\">\n\t\t\t\t\t\t\t<\/div>\n\t\t<\/div>\n\t\t\t\t\t<\/div>\n\t\t<\/section>\n\t\t\t\t<\/div>","protected":false},"excerpt":{"rendered":"<p>Solar 101 Entendiendo la Energ\u00eda Solar para Tu Hogar 1. \u00bfC\u00f3mo Funciona la Energ\u00eda Solar? Los paneles solares convierten la luz del sol en electricidad a trav\u00e9s del efecto fotovoltaico. Este proceso genera corriente continua (DC), que luego se transforma en corriente alterna (AC) mediante un inversor para alimentar tu hogar. \u2022Componentes Clave: Paneles solares, [&hellip;]<\/p>\n","protected":false},"author":3,"featured_media":0,"parent":0,"menu_order":0,"comment_status":"closed","ping_status":"closed","template":"","meta":{"site-sidebar-layout":"no-sidebar","site-content-layout":"page-builder","ast-site-content-layout":"default","site-content-style":"default","site-sidebar-style":"default","ast-global-header-display":"","ast-banner-title-visibility":"","ast-main-header-display":"","ast-hfb-above-header-display":"","ast-hfb-below-header-display":"","ast-hfb-mobile-header-display":"","site-post-title":"disabled","ast-breadcrumbs-content":"","ast-featured-img":"disabled","footer-sml-layout":"","ast-disable-related-posts":"","theme-transparent-header-meta":"","adv-header-id-meta":"","stick-header-meta":"","header-above-stick-meta":"","header-main-stick-meta":"","header-below-stick-meta":"","astra-migrate-meta-layouts":"default","ast-page-background-enabled":"default","ast-page-background-meta":{"desktop":{"background-color":"var(--ast-global-color-4)","background-image":"","background-repeat":"repeat","background-position":"center center","background-size":"auto","background-attachment":"scroll","background-type":"","background-media":"","overlay-type":"","overlay-color":"","overlay-opacity":"","overlay-gradient":""},"tablet":{"background-color":"","background-image":"","background-repeat":"repeat","background-position":"center center","background-size":"auto","background-attachment":"scroll","background-type":"","background-media":"","overlay-type":"","overlay-color":"","overlay-opacity":"","overlay-gradient":""},"mobile":{"background-color":"","background-image":"","background-repeat":"repeat","background-position":"center center","background-size":"auto","background-attachment":"scroll","background-type":"","background-media":"","overlay-type":"","overlay-color":"","overlay-opacity":"","overlay-gradient":""}},"ast-content-background-meta":{"desktop":{"background-color":"var(--ast-global-color-5)","background-image":"","background-repeat":"repeat","background-position":"center center","background-size":"auto","background-attachment":"scroll","background-type":"","background-media":"","overlay-type":"","overlay-color":"","overlay-opacity":"","overlay-gradient":""},"tablet":{"background-color":"var(--ast-global-color-5)","background-image":"","background-repeat":"repeat","background-position":"center center","background-size":"auto","background-attachment":"scroll","background-type":"","background-media":"","overlay-type":"","overlay-color":"","overlay-opacity":"","overlay-gradient":""},"mobile":{"background-color":"var(--ast-global-color-5)","background-image":"","background-repeat":"repeat","background-position":"center center","background-size":"auto","background-attachment":"scroll","background-type":"","background-media":"","overlay-type":"","overlay-color":"","overlay-opacity":"","overlay-gradient":""}},"footnotes":""},"class_list":["post-14","page","type-page","status-publish","hentry"],"yoast_head":"<!-- This site is optimized with the Yoast SEO plugin v27.5 - https:\/\/yoast.com\/product\/yoast-seo-wordpress\/ -->\n<title>BLOG - Solar Sky Energy<\/title>\n<meta name=\"robots\" content=\"index, follow, max-snippet:-1, max-image-preview:large, max-video-preview:-1\" \/>\n<link rel=\"canonical\" href=\"https:\/\/solarskyenergy.com\/en\/blog\/\" \/>\n<meta property=\"og:locale\" content=\"en_US\" \/>\n<meta property=\"og:type\" content=\"article\" \/>\n<meta property=\"og:title\" content=\"BLOG - Solar Sky Energy\" \/>\n<meta property=\"og:description\" content=\"Solar 101 Entendiendo la Energ\u00eda Solar para Tu Hogar 1. \u00bfC\u00f3mo Funciona la Energ\u00eda Solar? Los paneles solares convierten la luz del sol en electricidad a trav\u00e9s del efecto fotovoltaico. Este proceso genera corriente continua (DC), que luego se transforma en corriente alterna (AC) mediante un inversor para alimentar tu hogar. \u2022Componentes Clave: Paneles solares, [&hellip;]\" \/>\n<meta property=\"og:url\" content=\"https:\/\/solarskyenergy.com\/en\/blog\/\" \/>\n<meta property=\"og:site_name\" content=\"Solar Sky Energy\" \/>\n<meta property=\"article:modified_time\" content=\"2025-01-21T19:09:14+00:00\" \/>\n<meta name=\"twitter:card\" content=\"summary_large_image\" \/>\n<meta name=\"twitter:label1\" content=\"Est. reading time\" \/>\n\t<meta name=\"twitter:data1\" content=\"1 minute\" \/>\n<script type=\"application\/ld+json\" class=\"yoast-schema-graph\">{\"@context\":\"https:\\\/\\\/schema.org\",\"@graph\":[{\"@type\":\"WebPage\",\"@id\":\"https:\\\/\\\/solarskyenergy.com\\\/blog\\\/\",\"url\":\"https:\\\/\\\/solarskyenergy.com\\\/blog\\\/\",\"name\":\"BLOG - Solar Sky Energy\",\"isPartOf\":{\"@id\":\"https:\\\/\\\/solarskyenergy.com\\\/#website\"},\"datePublished\":\"2022-07-27T23:51:18+00:00\",\"dateModified\":\"2025-01-21T19:09:14+00:00\",\"breadcrumb\":{\"@id\":\"https:\\\/\\\/solarskyenergy.com\\\/blog\\\/#breadcrumb\"},\"inLanguage\":\"en-US\",\"potentialAction\":[{\"@type\":\"ReadAction\",\"target\":[\"https:\\\/\\\/solarskyenergy.com\\\/blog\\\/\"]}]},{\"@type\":\"BreadcrumbList\",\"@id\":\"https:\\\/\\\/solarskyenergy.com\\\/blog\\\/#breadcrumb\",\"itemListElement\":[{\"@type\":\"ListItem\",\"position\":1,\"name\":\"Home\",\"item\":\"https:\\\/\\\/solarskyenergy.com\\\/\"},{\"@type\":\"ListItem\",\"position\":2,\"name\":\"BLOG\"}]},{\"@type\":\"WebSite\",\"@id\":\"https:\\\/\\\/solarskyenergy.com\\\/#website\",\"url\":\"https:\\\/\\\/solarskyenergy.com\\\/\",\"name\":\"Solar Sky Energy\",\"description\":\"Invertimos en energ\u00eda solar para un futuro m\u00e1s brillante.\",\"potentialAction\":[{\"@type\":\"SearchAction\",\"target\":{\"@type\":\"EntryPoint\",\"urlTemplate\":\"https:\\\/\\\/solarskyenergy.com\\\/?s={search_term_string}\"},\"query-input\":{\"@type\":\"PropertyValueSpecification\",\"valueRequired\":true,\"valueName\":\"search_term_string\"}}],\"inLanguage\":\"en-US\"}]}<\/script>\n<!-- \/ Yoast SEO plugin. -->","yoast_head_json":{"title":"BLOG - Solar Sky Energy","robots":{"index":"index","follow":"follow","max-snippet":"max-snippet:-1","max-image-preview":"max-image-preview:large","max-video-preview":"max-video-preview:-1"},"canonical":"https:\/\/solarskyenergy.com\/en\/blog\/","og_locale":"en_US","og_type":"article","og_title":"BLOG - Solar Sky Energy","og_description":"Solar 101 Entendiendo la Energ\u00eda Solar para Tu Hogar 1. \u00bfC\u00f3mo Funciona la Energ\u00eda Solar? Los paneles solares convierten la luz del sol en electricidad a trav\u00e9s del efecto fotovoltaico. Este proceso genera corriente continua (DC), que luego se transforma en corriente alterna (AC) mediante un inversor para alimentar tu hogar. \u2022Componentes Clave: Paneles solares, [&hellip;]","og_url":"https:\/\/solarskyenergy.com\/en\/blog\/","og_site_name":"Solar Sky Energy","article_modified_time":"2025-01-21T19:09:14+00:00","twitter_card":"summary_large_image","twitter_misc":{"Est. reading time":"1 minute"},"schema":{"@context":"https:\/\/schema.org","@graph":[{"@type":"WebPage","@id":"https:\/\/solarskyenergy.com\/blog\/","url":"https:\/\/solarskyenergy.com\/blog\/","name":"BLOG - Solar Sky Energy","isPartOf":{"@id":"https:\/\/solarskyenergy.com\/#website"},"datePublished":"2022-07-27T23:51:18+00:00","dateModified":"2025-01-21T19:09:14+00:00","breadcrumb":{"@id":"https:\/\/solarskyenergy.com\/blog\/#breadcrumb"},"inLanguage":"en-US","potentialAction":[{"@type":"ReadAction","target":["https:\/\/solarskyenergy.com\/blog\/"]}]},{"@type":"BreadcrumbList","@id":"https:\/\/solarskyenergy.com\/blog\/#breadcrumb","itemListElement":[{"@type":"ListItem","position":1,"name":"Home","item":"https:\/\/solarskyenergy.com\/"},{"@type":"ListItem","position":2,"name":"BLOG"}]},{"@type":"WebSite","@id":"https:\/\/solarskyenergy.com\/#website","url":"https:\/\/solarskyenergy.com\/","name":"Solar Sky Energy","description":"We invest in solar energy for a brighter future.","potentialAction":[{"@type":"SearchAction","target":{"@type":"EntryPoint","urlTemplate":"https:\/\/solarskyenergy.com\/?s={search_term_string}"},"query-input":{"@type":"PropertyValueSpecification","valueRequired":true,"valueName":"search_term_string"}}],"inLanguage":"en-US"}]}},"_links":{"self":[{"href":"https:\/\/solarskyenergy.com\/en\/wp-json\/wp\/v2\/pages\/14","targetHints":{"allow":["GET"]}}],"collection":[{"href":"https:\/\/solarskyenergy.com\/en\/wp-json\/wp\/v2\/pages"}],"about":[{"href":"https:\/\/solarskyenergy.com\/en\/wp-json\/wp\/v2\/types\/page"}],"author":[{"embeddable":true,"href":"https:\/\/solarskyenergy.com\/en\/wp-json\/wp\/v2\/users\/3"}],"replies":[{"embeddable":true,"href":"https:\/\/solarskyenergy.com\/en\/wp-json\/wp\/v2\/comments?post=14"}],"version-history":[{"count":67,"href":"https:\/\/solarskyenergy.com\/en\/wp-json\/wp\/v2\/pages\/14\/revisions"}],"predecessor-version":[{"id":773,"href":"https:\/\/solarskyenergy.com\/en\/wp-json\/wp\/v2\/pages\/14\/revisions\/773"}],"wp:attachment":[{"href":"https:\/\/solarskyenergy.com\/en\/wp-json\/wp\/v2\/media?parent=14"}],"curies":[{"name":"wp","href":"https:\/\/api.w.org\/{rel}","templated":true}]}}